{"id":241,"date":"2025-05-28T10:18:04","date_gmt":"2025-05-28T10:18:04","guid":{"rendered":"http:\/\/aktgroup.com.tr\/?page_id=241"},"modified":"2026-04-15T20:18:31","modified_gmt":"2026-04-15T20:18:31","slug":"hizmetlerimiz","status":"publish","type":"page","link":"https:\/\/aktgroup.com.tr\/index.php\/hizmetlerimiz\/","title":{"rendered":"Hizmetlerimiz"},"content":{"rendered":"\t\t<div data-elementor-type=\"wp-page\" data-elementor-id=\"241\" class=\"elementor elementor-241\">\n\t\t\t\t<div class=\"elementor-element elementor-element-c255255 e-flex e-con-boxed e-con e-parent\" data-id=\"c255255\" data-element_type=\"container\" data-e-type=\"container\">\n\t\t\t\t\t<div class=\"e-con-inner\">\n\t\t\t\t<div class=\"elementor-element elementor-element-0c44ca9 elementor-widget elementor-widget-heading\" data-id=\"0c44ca9\" data-element_type=\"widget\" data-e-type=\"widget\" data-widget_type=\"heading.default\">\n\t\t\t\t<div class=\"elementor-widget-container\">\n\t\t\t\t\t<h2 class=\"elementor-heading-title elementor-size-default\">DEM\u0130R YAPILARIMIZ<\/h2>\t\t\t\t<\/div>\n\t\t\t\t<\/div>\n\t\t\t\t\t<\/div>\n\t\t\t\t<\/div>\n\t\t<div class=\"elementor-element elementor-element-c80fdff e-grid e-con-boxed e-con e-parent\" data-id=\"c80fdff\" data-element_type=\"container\" data-e-type=\"container\">\n\t\t\t\t\t<div class=\"e-con-inner\">\n\t\t\t\t<div class=\"elementor-element elementor-element-bbfb74e elementor-widget elementor-widget-image\" data-id=\"bbfb74e\" data-element_type=\"widget\" data-e-type=\"widget\" data-widget_type=\"image.default\">\n\t\t\t\t<div class=\"elementor-widget-container\">\n\t\t\t\t\t\t\t\t\t\t\t\t<figure class=\"wp-caption\">\n\t\t\t\t\t\t\t\t\t\t<img fetchpriority=\"high\" decoding=\"async\" width=\"1000\" height=\"750\" src=\"https:\/\/aktgroup.com.tr\/wp-content\/uploads\/2025\/05\/131m2.jpg\" class=\"attachment-large size-large wp-image-297\" alt=\"\" srcset=\"https:\/\/aktgroup.com.tr\/wp-content\/uploads\/2025\/05\/131m2.jpg 1000w, https:\/\/aktgroup.com.tr\/wp-content\/uploads\/2025\/05\/131m2-300x225.jpg 300w, https:\/\/aktgroup.com.tr\/wp-content\/uploads\/2025\/05\/131m2-768x576.jpg 768w\" sizes=\"(max-width: 1000px) 100vw, 1000px\" \/>\t\t\t\t\t\t\t\t\t\t\t<figcaption class=\"widget-image-caption wp-caption-text\">PREFABR\u0130K EVLER<\/figcaption>\n\t\t\t\t\t\t\t\t\t\t<\/figure>\n\t\t\t\t\t\t\t\t\t<\/div>\n\t\t\t\t<\/div>\n\t\t\t\t<div class=\"elementor-element elementor-element-49e2160 elementor-widget elementor-widget-image\" data-id=\"49e2160\" data-element_type=\"widget\" data-e-type=\"widget\" data-widget_type=\"image.default\">\n\t\t\t\t<div class=\"elementor-widget-container\">\n\t\t\t\t\t\t\t\t\t\t\t\t<figure class=\"wp-caption\">\n\t\t\t\t\t\t\t\t\t\t<img decoding=\"async\" width=\"1024\" height=\"685\" src=\"https:\/\/aktgroup.com.tr\/wp-content\/uploads\/2025\/05\/tuzlabetonarmebina4-1024x685.jpeg\" class=\"attachment-large size-large wp-image-301\" alt=\"\" srcset=\"https:\/\/aktgroup.com.tr\/wp-content\/uploads\/2025\/05\/tuzlabetonarmebina4-1024x685.jpeg 1024w, https:\/\/aktgroup.com.tr\/wp-content\/uploads\/2025\/05\/tuzlabetonarmebina4-300x201.jpeg 300w, https:\/\/aktgroup.com.tr\/wp-content\/uploads\/2025\/05\/tuzlabetonarmebina4-768x514.jpeg 768w, https:\/\/aktgroup.com.tr\/wp-content\/uploads\/2025\/05\/tuzlabetonarmebina4.jpeg 1500w\" sizes=\"(max-width: 1024px) 100vw, 1024px\" \/>\t\t\t\t\t\t\t\t\t\t\t<figcaption class=\"widget-image-caption wp-caption-text\">BETONARME B\u0130NALAR<\/figcaption>\n\t\t\t\t\t\t\t\t\t\t<\/figure>\n\t\t\t\t\t\t\t\t\t<\/div>\n\t\t\t\t<\/div>\n\t\t\t\t<div class=\"elementor-element elementor-element-f108177 elementor-widget elementor-widget-image\" data-id=\"f108177\" data-element_type=\"widget\" data-e-type=\"widget\" data-widget_type=\"image.default\">\n\t\t\t\t<div class=\"elementor-widget-container\">\n\t\t\t\t\t\t\t\t\t\t\t\t<figure class=\"wp-caption\">\n\t\t\t\t\t\t\t\t\t\t<img decoding=\"async\" width=\"1024\" height=\"771\" src=\"https:\/\/aktgroup.com.tr\/wp-content\/uploads\/2025\/05\/istanbul-celik-cati-firmalari-1024x771.jpg\" class=\"attachment-large size-large wp-image-304\" alt=\"\" srcset=\"https:\/\/aktgroup.com.tr\/wp-content\/uploads\/2025\/05\/istanbul-celik-cati-firmalari-1024x771.jpg 1024w, https:\/\/aktgroup.com.tr\/wp-content\/uploads\/2025\/05\/istanbul-celik-cati-firmalari-300x226.jpg 300w, https:\/\/aktgroup.com.tr\/wp-content\/uploads\/2025\/05\/istanbul-celik-cati-firmalari-768x578.jpg 768w, https:\/\/aktgroup.com.tr\/wp-content\/uploads\/2025\/05\/istanbul-celik-cati-firmalari.jpg 1195w\" sizes=\"(max-width: 1024px) 100vw, 1024px\" \/>\t\t\t\t\t\t\t\t\t\t\t<figcaption class=\"widget-image-caption wp-caption-text\">\u00c7EL\u0130K \u00c7ATI<\/figcaption>\n\t\t\t\t\t\t\t\t\t\t<\/figure>\n\t\t\t\t\t\t\t\t\t<\/div>\n\t\t\t\t<\/div>\n\t\t\t\t<div class=\"elementor-element elementor-element-ef72df8 elementor-widget elementor-widget-image\" data-id=\"ef72df8\" data-element_type=\"widget\" data-e-type=\"widget\" data-widget_type=\"image.default\">\n\t\t\t\t<div class=\"elementor-widget-container\">\n\t\t\t\t\t\t\t\t\t\t\t\t<figure class=\"wp-caption\">\n\t\t\t\t\t\t\t\t\t\t<img loading=\"lazy\" decoding=\"async\" width=\"600\" height=\"421\" src=\"https:\/\/aktgroup.com.tr\/wp-content\/uploads\/2025\/05\/6546441912282018.jpg\" class=\"attachment-large size-large wp-image-308\" alt=\"\" srcset=\"https:\/\/aktgroup.com.tr\/wp-content\/uploads\/2025\/05\/6546441912282018.jpg 600w, https:\/\/aktgroup.com.tr\/wp-content\/uploads\/2025\/05\/6546441912282018-300x211.jpg 300w\" sizes=\"(max-width: 600px) 100vw, 600px\" \/>\t\t\t\t\t\t\t\t\t\t\t<figcaption class=\"widget-image-caption wp-caption-text\">R\u00d6MORK<\/figcaption>\n\t\t\t\t\t\t\t\t\t\t<\/figure>\n\t\t\t\t\t\t\t\t\t<\/div>\n\t\t\t\t<\/div>\n\t\t\t\t<div class=\"elementor-element elementor-element-b34b395 elementor-widget elementor-widget-image\" data-id=\"b34b395\" data-element_type=\"widget\" data-e-type=\"widget\" data-widget_type=\"image.default\">\n\t\t\t\t<div class=\"elementor-widget-container\">\n\t\t\t\t\t\t\t\t\t\t\t\t<figure class=\"wp-caption\">\n\t\t\t\t\t\t\t\t\t\t<img loading=\"lazy\" decoding=\"async\" width=\"1024\" height=\"768\" src=\"https:\/\/aktgroup.com.tr\/wp-content\/uploads\/2025\/05\/Bayram-Semiz-Camii-28-1-1024x768.jpg\" class=\"attachment-large size-large wp-image-309\" alt=\"\" srcset=\"https:\/\/aktgroup.com.tr\/wp-content\/uploads\/2025\/05\/Bayram-Semiz-Camii-28-1-1024x768.jpg 1024w, https:\/\/aktgroup.com.tr\/wp-content\/uploads\/2025\/05\/Bayram-Semiz-Camii-28-1-300x225.jpg 300w, https:\/\/aktgroup.com.tr\/wp-content\/uploads\/2025\/05\/Bayram-Semiz-Camii-28-1-768x576.jpg 768w, https:\/\/aktgroup.com.tr\/wp-content\/uploads\/2025\/05\/Bayram-Semiz-Camii-28-1-1536x1152.jpg 1536w, https:\/\/aktgroup.com.tr\/wp-content\/uploads\/2025\/05\/Bayram-Semiz-Camii-28-1.jpg 1600w\" sizes=\"(max-width: 1024px) 100vw, 1024px\" \/>\t\t\t\t\t\t\t\t\t\t\t<figcaption class=\"widget-image-caption wp-caption-text\">FERFORJE<\/figcaption>\n\t\t\t\t\t\t\t\t\t\t<\/figure>\n\t\t\t\t\t\t\t\t\t<\/div>\n\t\t\t\t<\/div>\n\t\t\t\t<div class=\"elementor-element elementor-element-a8809fd elementor-widget elementor-widget-image\" data-id=\"a8809fd\" data-element_type=\"widget\" data-e-type=\"widget\" data-widget_type=\"image.default\">\n\t\t\t\t<div class=\"elementor-widget-container\">\n\t\t\t\t\t\t\t\t\t\t\t\t<figure class=\"wp-caption\">\n\t\t\t\t\t\t\t\t\t\t<img loading=\"lazy\" decoding=\"async\" width=\"800\" height=\"450\" src=\"https:\/\/aktgroup.com.tr\/wp-content\/uploads\/2025\/05\/IMG-20241218-WA0002.jpg\" class=\"attachment-large size-large wp-image-302\" alt=\"\" srcset=\"https:\/\/aktgroup.com.tr\/wp-content\/uploads\/2025\/05\/IMG-20241218-WA0002.jpg 800w, https:\/\/aktgroup.com.tr\/wp-content\/uploads\/2025\/05\/IMG-20241218-WA0002-300x169.jpg 300w, https:\/\/aktgroup.com.tr\/wp-content\/uploads\/2025\/05\/IMG-20241218-WA0002-768x432.jpg 768w\" sizes=\"(max-width: 800px) 100vw, 800px\" \/>\t\t\t\t\t\t\t\t\t\t\t<figcaption class=\"widget-image-caption wp-caption-text\">KONTEYNER<\/figcaption>\n\t\t\t\t\t\t\t\t\t\t<\/figure>\n\t\t\t\t\t\t\t\t\t<\/div>\n\t\t\t\t<\/div>\n\t\t\t\t\t<\/div>\n\t\t\t\t<\/div>\n\t\t<div class=\"elementor-element elementor-element-29feade e-flex e-con-boxed e-con e-parent\" data-id=\"29feade\" data-element_type=\"container\" data-e-type=\"container\">\n\t\t\t\t\t<div class=\"e-con-inner\">\n\t\t\t\t<div class=\"elementor-element elementor-element-c050771 elementor-widget elementor-widget-heading\" data-id=\"c050771\" data-element_type=\"widget\" data-e-type=\"widget\" data-widget_type=\"heading.default\">\n\t\t\t\t<div class=\"elementor-widget-container\">\n\t\t\t\t\t<h4 class=\"elementor-heading-title elementor-size-default\">Her t\u00fcrl\u00fc demir i\u015f\u00e7ilik iste\u011finiz \u00fczere yap\u0131laktad\u0131r.<\/h4>\t\t\t\t<\/div>\n\t\t\t\t<\/div>\n\t\t\t\t\t<\/div>\n\t\t\t\t<\/div>\n\t\t<div class=\"elementor-element elementor-element-8770e03 e-flex e-con-boxed e-con e-parent\" data-id=\"8770e03\" data-element_type=\"container\" data-e-type=\"container\">\n\t\t\t\t\t<div class=\"e-con-inner\">\n\t\t\t\t<div class=\"elementor-element elementor-element-fd1e5b2 elementor-widget elementor-widget-heading\" data-id=\"fd1e5b2\" data-element_type=\"widget\" data-e-type=\"widget\" data-widget_type=\"heading.default\">\n\t\t\t\t<div class=\"elementor-widget-container\">\n\t\t\t\t\t<h1 class=\"elementor-heading-title elementor-size-default\">TEKST\u0130L<\/h1>\t\t\t\t<\/div>\n\t\t\t\t<\/div>\n\t\t\t\t\t<\/div>\n\t\t\t\t<\/div>\n\t\t<div class=\"elementor-element elementor-element-b8954d6 e-grid e-con-boxed e-con e-parent\" data-id=\"b8954d6\" data-element_type=\"container\" data-e-type=\"container\">\n\t\t\t\t\t<div class=\"e-con-inner\">\n\t\t\t\t<div class=\"elementor-element elementor-element-1efd9cc elementor-widget elementor-widget-image\" data-id=\"1efd9cc\" data-element_type=\"widget\" data-e-type=\"widget\" data-widget_type=\"image.default\">\n\t\t\t\t<div class=\"elementor-widget-container\">\n\t\t\t\t\t\t\t\t\t\t\t\t<figure class=\"wp-caption\">\n\t\t\t\t\t\t\t\t\t\t<img loading=\"lazy\" decoding=\"async\" width=\"750\" height=\"469\" src=\"https:\/\/aktgroup.com.tr\/wp-content\/uploads\/2025\/05\/009_2023_08_2023_27_Mayis_13_20230505_2_58538520_88650377.jpg\" class=\"attachment-large size-large wp-image-305\" alt=\"\" srcset=\"https:\/\/aktgroup.com.tr\/wp-content\/uploads\/2025\/05\/009_2023_08_2023_27_Mayis_13_20230505_2_58538520_88650377.jpg 750w, https:\/\/aktgroup.com.tr\/wp-content\/uploads\/2025\/05\/009_2023_08_2023_27_Mayis_13_20230505_2_58538520_88650377-300x188.jpg 300w\" sizes=\"(max-width: 750px) 100vw, 750px\" \/>\t\t\t\t\t\t\t\t\t\t\t<figcaption class=\"widget-image-caption wp-caption-text\">\u00dcRET\u0130M<\/figcaption>\n\t\t\t\t\t\t\t\t\t\t<\/figure>\n\t\t\t\t\t\t\t\t\t<\/div>\n\t\t\t\t<\/div>\n\t\t\t\t<div class=\"elementor-element elementor-element-989cc0a elementor-widget elementor-widget-image\" data-id=\"989cc0a\" data-element_type=\"widget\" data-e-type=\"widget\" data-widget_type=\"image.default\">\n\t\t\t\t<div class=\"elementor-widget-container\">\n\t\t\t\t\t\t\t\t\t\t\t\t<figure class=\"wp-caption\">\n\t\t\t\t\t\t\t\t\t\t<img loading=\"lazy\" decoding=\"async\" width=\"1024\" height=\"759\" src=\"https:\/\/aktgroup.com.tr\/wp-content\/uploads\/2025\/05\/FABP5-1-1024x759.jpg\" class=\"attachment-large size-large wp-image-321\" alt=\"\" srcset=\"https:\/\/aktgroup.com.tr\/wp-content\/uploads\/2025\/05\/FABP5-1-1024x759.jpg 1024w, https:\/\/aktgroup.com.tr\/wp-content\/uploads\/2025\/05\/FABP5-1-300x222.jpg 300w, https:\/\/aktgroup.com.tr\/wp-content\/uploads\/2025\/05\/FABP5-1-768x569.jpg 768w, https:\/\/aktgroup.com.tr\/wp-content\/uploads\/2025\/05\/FABP5-1.jpg 1080w\" sizes=\"(max-width: 1024px) 100vw, 1024px\" \/>\t\t\t\t\t\t\t\t\t\t\t<figcaption class=\"widget-image-caption wp-caption-text\">PALTOLON<\/figcaption>\n\t\t\t\t\t\t\t\t\t\t<\/figure>\n\t\t\t\t\t\t\t\t\t<\/div>\n\t\t\t\t<\/div>\n\t\t\t\t<div class=\"elementor-element elementor-element-8440bb8 elementor-widget elementor-widget-image\" data-id=\"8440bb8\" data-element_type=\"widget\" data-e-type=\"widget\" data-widget_type=\"image.default\">\n\t\t\t\t<div class=\"elementor-widget-container\">\n\t\t\t\t\t\t\t\t\t\t\t\t<figure class=\"wp-caption\">\n\t\t\t\t\t\t\t\t\t\t<img loading=\"lazy\" decoding=\"async\" width=\"868\" height=\"496\" src=\"https:\/\/aktgroup.com.tr\/wp-content\/uploads\/2025\/05\/made-in-china.webp\" class=\"attachment-large size-large wp-image-322\" alt=\"\" srcset=\"https:\/\/aktgroup.com.tr\/wp-content\/uploads\/2025\/05\/made-in-china.webp 868w, https:\/\/aktgroup.com.tr\/wp-content\/uploads\/2025\/05\/made-in-china-300x171.webp 300w, https:\/\/aktgroup.com.tr\/wp-content\/uploads\/2025\/05\/made-in-china-768x439.webp 768w\" sizes=\"(max-width: 868px) 100vw, 868px\" \/>\t\t\t\t\t\t\t\t\t\t\t<figcaption class=\"widget-image-caption wp-caption-text\">T\u0130\u015e\u00d6RT<\/figcaption>\n\t\t\t\t\t\t\t\t\t\t<\/figure>\n\t\t\t\t\t\t\t\t\t<\/div>\n\t\t\t\t<\/div>\n\t\t\t\t<div class=\"elementor-element elementor-element-f80126c elementor-widget elementor-widget-image\" data-id=\"f80126c\" data-element_type=\"widget\" data-e-type=\"widget\" data-widget_type=\"image.default\">\n\t\t\t\t<div class=\"elementor-widget-container\">\n\t\t\t\t\t\t\t\t\t\t\t\t<figure class=\"wp-caption\">\n\t\t\t\t\t\t\t\t\t\t<img loading=\"lazy\" decoding=\"async\" width=\"626\" height=\"417\" src=\"https:\/\/aktgroup.com.tr\/wp-content\/uploads\/2025\/05\/1.avif\" class=\"attachment-large size-large wp-image-323\" alt=\"\" \/>\t\t\t\t\t\t\t\t\t\t\t<figcaption class=\"widget-image-caption wp-caption-text\">CEKET<\/figcaption>\n\t\t\t\t\t\t\t\t\t\t<\/figure>\n\t\t\t\t\t\t\t\t\t<\/div>\n\t\t\t\t<\/div>\n\t\t\t\t<div class=\"elementor-element elementor-element-6d8d457 elementor-widget elementor-widget-image\" data-id=\"6d8d457\" data-element_type=\"widget\" data-e-type=\"widget\" data-widget_type=\"image.default\">\n\t\t\t\t<div class=\"elementor-widget-container\">\n\t\t\t\t\t\t\t\t\t\t\t\t<figure class=\"wp-caption\">\n\t\t\t\t\t\t\t\t\t\t<img loading=\"lazy\" decoding=\"async\" width=\"300\" height=\"300\" src=\"https:\/\/aktgroup.com.tr\/wp-content\/uploads\/2025\/05\/2.avif\" class=\"attachment-large size-large wp-image-334\" alt=\"\" \/>\t\t\t\t\t\t\t\t\t\t\t<figcaption class=\"widget-image-caption wp-caption-text\">\u015eORT<\/figcaption>\n\t\t\t\t\t\t\t\t\t\t<\/figure>\n\t\t\t\t\t\t\t\t\t<\/div>\n\t\t\t\t<\/div>\n\t\t\t\t<div class=\"elementor-element elementor-element-467ff71 elementor-widget elementor-widget-image\" data-id=\"467ff71\" data-element_type=\"widget\" data-e-type=\"widget\" data-widget_type=\"image.default\">\n\t\t\t\t<div class=\"elementor-widget-container\">\n\t\t\t\t\t\t\t\t\t\t\t\t<figure class=\"wp-caption\">\n\t\t\t\t\t\t\t\t\t\t<img loading=\"lazy\" decoding=\"async\" width=\"640\" height=\"362\" src=\"https:\/\/aktgroup.com.tr\/wp-content\/uploads\/2025\/05\/blogger-image-1946345580.jpg\" class=\"attachment-large size-large wp-image-329\" alt=\"\" srcset=\"https:\/\/aktgroup.com.tr\/wp-content\/uploads\/2025\/05\/blogger-image-1946345580.jpg 640w, https:\/\/aktgroup.com.tr\/wp-content\/uploads\/2025\/05\/blogger-image-1946345580-300x170.jpg 300w\" sizes=\"(max-width: 640px) 100vw, 640px\" \/>\t\t\t\t\t\t\t\t\t\t\t<figcaption class=\"widget-image-caption wp-caption-text\">G\u00d6MLEK<\/figcaption>\n\t\t\t\t\t\t\t\t\t\t<\/figure>\n\t\t\t\t\t\t\t\t\t<\/div>\n\t\t\t\t<\/div>\n\t\t\t\t\t<\/div>\n\t\t\t\t<\/div>\n\t\t<div class=\"elementor-element elementor-element-387a18c e-flex e-con-boxed e-con e-parent\" data-id=\"387a18c\" data-element_type=\"container\" data-e-type=\"container\">\n\t\t\t\t\t<div class=\"e-con-inner\">\n\t\t\t\t<div class=\"elementor-element elementor-element-0dc8ff7 elementor-widget elementor-widget-heading\" data-id=\"0dc8ff7\" data-element_type=\"widget\" data-e-type=\"widget\" data-widget_type=\"heading.default\">\n\t\t\t\t<div class=\"elementor-widget-container\">\n\t\t\t\t\t<h4 class=\"elementor-heading-title elementor-size-default\">Her t\u00fcrl\u00fc k\u0131yafet \u00fcretilir<\/h4>\t\t\t\t<\/div>\n\t\t\t\t<\/div>\n\t\t\t\t\t<\/div>\n\t\t\t\t<\/div>\n\t\t\t\t<\/div>\n\t\t","protected":false},"excerpt":{"rendered":"<p>DEM\u0130R YAPILARIMIZ PREFABR\u0130K EVLER BETONARME B\u0130NALAR \u00c7EL\u0130K \u00c7ATI R\u00d6MORK FERFORJE KONTEYNER Her t\u00fcrl\u00fc demir i\u015f\u00e7ilik iste\u011finiz \u00fczere yap\u0131laktad\u0131r. TEKST\u0130L \u00dcRET\u0130M PALTOLON T\u0130\u015e\u00d6RT CEKET \u015eORT G\u00d6MLEK Her t\u00fcrl\u00fc k\u0131yafet \u00fcretilir<\/p>\n","protected":false},"author":1,"featured_media":0,"parent":0,"menu_order":0,"comment_status":"closed","ping_status":"closed","template":"","meta":{"footnotes":""},"class_list":["post-241","page","type-page","status-publish","hentry"],"yoast_head":"<!-- This site is optimized with the Yoast SEO plugin v27.4 - https:\/\/yoast.com\/product\/yoast-seo-wordpress\/ -->\n<title>Hizmetlerimiz - Akt Grup<\/title>\n<meta name=\"robots\" content=\"index, follow, max-snippet:-1, max-image-preview:large, max-video-preview:-1\" \/>\n<link rel=\"canonical\" href=\"https:\/\/aktgroup.com.tr\/index.php\/hizmetlerimiz\/\" \/>\n<meta property=\"og:locale\" content=\"tr_TR\" \/>\n<meta property=\"og:type\" content=\"article\" \/>\n<meta property=\"og:title\" content=\"Hizmetlerimiz - Akt Grup\" \/>\n<meta property=\"og:description\" content=\"DEM\u0130R YAPILARIMIZ PREFABR\u0130K EVLER BETONARME B\u0130NALAR \u00c7EL\u0130K \u00c7ATI R\u00d6MORK FERFORJE KONTEYNER Her t\u00fcrl\u00fc demir i\u015f\u00e7ilik iste\u011finiz \u00fczere yap\u0131laktad\u0131r. TEKST\u0130L \u00dcRET\u0130M PALTOLON T\u0130\u015e\u00d6RT CEKET \u015eORT G\u00d6MLEK Her t\u00fcrl\u00fc k\u0131yafet \u00fcretilir\" \/>\n<meta property=\"og:url\" content=\"https:\/\/aktgroup.com.tr\/index.php\/hizmetlerimiz\/\" \/>\n<meta property=\"og:site_name\" content=\"Akt Grup\" \/>\n<meta property=\"article:modified_time\" content=\"2026-04-15T20:18:31+00:00\" \/>\n<meta property=\"og:image\" content=\"http:\/\/aktgroup.com.tr\/wp-content\/uploads\/2025\/05\/131m2.jpg\" \/>\n<meta name=\"twitter:card\" content=\"summary_large_image\" \/>\n<script type=\"application\/ld+json\" class=\"yoast-schema-graph\">{\"@context\":\"https:\\\/\\\/schema.org\",\"@graph\":[{\"@type\":\"WebPage\",\"@id\":\"https:\\\/\\\/aktgroup.com.tr\\\/index.php\\\/hizmetlerimiz\\\/\",\"url\":\"https:\\\/\\\/aktgroup.com.tr\\\/index.php\\\/hizmetlerimiz\\\/\",\"name\":\"Hizmetlerimiz - Akt Grup\",\"isPartOf\":{\"@id\":\"https:\\\/\\\/aktgroup.com.tr\\\/#website\"},\"primaryImageOfPage\":{\"@id\":\"https:\\\/\\\/aktgroup.com.tr\\\/index.php\\\/hizmetlerimiz\\\/#primaryimage\"},\"image\":{\"@id\":\"https:\\\/\\\/aktgroup.com.tr\\\/index.php\\\/hizmetlerimiz\\\/#primaryimage\"},\"thumbnailUrl\":\"http:\\\/\\\/aktgroup.com.tr\\\/wp-content\\\/uploads\\\/2025\\\/05\\\/131m2.jpg\",\"datePublished\":\"2025-05-28T10:18:04+00:00\",\"dateModified\":\"2026-04-15T20:18:31+00:00\",\"breadcrumb\":{\"@id\":\"https:\\\/\\\/aktgroup.com.tr\\\/index.php\\\/hizmetlerimiz\\\/#breadcrumb\"},\"inLanguage\":\"tr\",\"potentialAction\":[{\"@type\":\"ReadAction\",\"target\":[\"https:\\\/\\\/aktgroup.com.tr\\\/index.php\\\/hizmetlerimiz\\\/\"]}]},{\"@type\":\"ImageObject\",\"inLanguage\":\"tr\",\"@id\":\"https:\\\/\\\/aktgroup.com.tr\\\/index.php\\\/hizmetlerimiz\\\/#primaryimage\",\"url\":\"https:\\\/\\\/aktgroup.com.tr\\\/wp-content\\\/uploads\\\/2025\\\/05\\\/131m2.jpg\",\"contentUrl\":\"https:\\\/\\\/aktgroup.com.tr\\\/wp-content\\\/uploads\\\/2025\\\/05\\\/131m2.jpg\",\"width\":1000,\"height\":750},{\"@type\":\"BreadcrumbList\",\"@id\":\"https:\\\/\\\/aktgroup.com.tr\\\/index.php\\\/hizmetlerimiz\\\/#breadcrumb\",\"itemListElement\":[{\"@type\":\"ListItem\",\"position\":1,\"name\":\"Anasayfa\",\"item\":\"https:\\\/\\\/aktgroup.com.tr\\\/\"},{\"@type\":\"ListItem\",\"position\":2,\"name\":\"Hizmetlerimiz\"}]},{\"@type\":\"WebSite\",\"@id\":\"https:\\\/\\\/aktgroup.com.tr\\\/#website\",\"url\":\"https:\\\/\\\/aktgroup.com.tr\\\/\",\"name\":\"Akt Group\",\"description\":\"\",\"publisher\":{\"@id\":\"https:\\\/\\\/aktgroup.com.tr\\\/#organization\"},\"potentialAction\":[{\"@type\":\"SearchAction\",\"target\":{\"@type\":\"EntryPoint\",\"urlTemplate\":\"https:\\\/\\\/aktgroup.com.tr\\\/?s={search_term_string}\"},\"query-input\":{\"@type\":\"PropertyValueSpecification\",\"valueRequired\":true,\"valueName\":\"search_term_string\"}}],\"inLanguage\":\"tr\"},{\"@type\":\"Organization\",\"@id\":\"https:\\\/\\\/aktgroup.com.tr\\\/#organization\",\"name\":\"Akt Group\",\"url\":\"https:\\\/\\\/aktgroup.com.tr\\\/\",\"logo\":{\"@type\":\"ImageObject\",\"inLanguage\":\"tr\",\"@id\":\"https:\\\/\\\/aktgroup.com.tr\\\/#\\\/schema\\\/logo\\\/image\\\/\",\"url\":\"https:\\\/\\\/aktgroup.com.tr\\\/wp-content\\\/uploads\\\/2025\\\/12\\\/WhatsApp-Image-2025-12-30-at-12.39.17-Photoroom.png\",\"contentUrl\":\"https:\\\/\\\/aktgroup.com.tr\\\/wp-content\\\/uploads\\\/2025\\\/12\\\/WhatsApp-Image-2025-12-30-at-12.39.17-Photoroom.png\",\"width\":1280,\"height\":783,\"caption\":\"Akt Group\"},\"image\":{\"@id\":\"https:\\\/\\\/aktgroup.com.tr\\\/#\\\/schema\\\/logo\\\/image\\\/\"}}]}<\/script>\n<!-- \/ Yoast SEO plugin. -->","yoast_head_json":{"title":"Hizmetlerimiz - Akt Grup","robots":{"index":"index","follow":"follow","max-snippet":"max-snippet:-1","max-image-preview":"max-image-preview:large","max-video-preview":"max-video-preview:-1"},"canonical":"https:\/\/aktgroup.com.tr\/index.php\/hizmetlerimiz\/","og_locale":"tr_TR","og_type":"article","og_title":"Hizmetlerimiz - Akt Grup","og_description":"DEM\u0130R YAPILARIMIZ PREFABR\u0130K EVLER BETONARME B\u0130NALAR \u00c7EL\u0130K \u00c7ATI R\u00d6MORK FERFORJE KONTEYNER Her t\u00fcrl\u00fc demir i\u015f\u00e7ilik iste\u011finiz \u00fczere yap\u0131laktad\u0131r. TEKST\u0130L \u00dcRET\u0130M PALTOLON T\u0130\u015e\u00d6RT CEKET \u015eORT G\u00d6MLEK Her t\u00fcrl\u00fc k\u0131yafet \u00fcretilir","og_url":"https:\/\/aktgroup.com.tr\/index.php\/hizmetlerimiz\/","og_site_name":"Akt Grup","article_modified_time":"2026-04-15T20:18:31+00:00","og_image":[{"url":"http:\/\/aktgroup.com.tr\/wp-content\/uploads\/2025\/05\/131m2.jpg","type":"","width":"","height":""}],"twitter_card":"summary_large_image","schema":{"@context":"https:\/\/schema.org","@graph":[{"@type":"WebPage","@id":"https:\/\/aktgroup.com.tr\/index.php\/hizmetlerimiz\/","url":"https:\/\/aktgroup.com.tr\/index.php\/hizmetlerimiz\/","name":"Hizmetlerimiz - Akt Grup","isPartOf":{"@id":"https:\/\/aktgroup.com.tr\/#website"},"primaryImageOfPage":{"@id":"https:\/\/aktgroup.com.tr\/index.php\/hizmetlerimiz\/#primaryimage"},"image":{"@id":"https:\/\/aktgroup.com.tr\/index.php\/hizmetlerimiz\/#primaryimage"},"thumbnailUrl":"http:\/\/aktgroup.com.tr\/wp-content\/uploads\/2025\/05\/131m2.jpg","datePublished":"2025-05-28T10:18:04+00:00","dateModified":"2026-04-15T20:18:31+00:00","breadcrumb":{"@id":"https:\/\/aktgroup.com.tr\/index.php\/hizmetlerimiz\/#breadcrumb"},"inLanguage":"tr","potentialAction":[{"@type":"ReadAction","target":["https:\/\/aktgroup.com.tr\/index.php\/hizmetlerimiz\/"]}]},{"@type":"ImageObject","inLanguage":"tr","@id":"https:\/\/aktgroup.com.tr\/index.php\/hizmetlerimiz\/#primaryimage","url":"https:\/\/aktgroup.com.tr\/wp-content\/uploads\/2025\/05\/131m2.jpg","contentUrl":"https:\/\/aktgroup.com.tr\/wp-content\/uploads\/2025\/05\/131m2.jpg","width":1000,"height":750},{"@type":"BreadcrumbList","@id":"https:\/\/aktgroup.com.tr\/index.php\/hizmetlerimiz\/#breadcrumb","itemListElement":[{"@type":"ListItem","position":1,"name":"Anasayfa","item":"https:\/\/aktgroup.com.tr\/"},{"@type":"ListItem","position":2,"name":"Hizmetlerimiz"}]},{"@type":"WebSite","@id":"https:\/\/aktgroup.com.tr\/#website","url":"https:\/\/aktgroup.com.tr\/","name":"Akt Group","description":"","publisher":{"@id":"https:\/\/aktgroup.com.tr\/#organization"},"potentialAction":[{"@type":"SearchAction","target":{"@type":"EntryPoint","urlTemplate":"https:\/\/aktgroup.com.tr\/?s={search_term_string}"},"query-input":{"@type":"PropertyValueSpecification","valueRequired":true,"valueName":"search_term_string"}}],"inLanguage":"tr"},{"@type":"Organization","@id":"https:\/\/aktgroup.com.tr\/#organization","name":"Akt Group","url":"https:\/\/aktgroup.com.tr\/","logo":{"@type":"ImageObject","inLanguage":"tr","@id":"https:\/\/aktgroup.com.tr\/#\/schema\/logo\/image\/","url":"https:\/\/aktgroup.com.tr\/wp-content\/uploads\/2025\/12\/WhatsApp-Image-2025-12-30-at-12.39.17-Photoroom.png","contentUrl":"https:\/\/aktgroup.com.tr\/wp-content\/uploads\/2025\/12\/WhatsApp-Image-2025-12-30-at-12.39.17-Photoroom.png","width":1280,"height":783,"caption":"Akt Group"},"image":{"@id":"https:\/\/aktgroup.com.tr\/#\/schema\/logo\/image\/"}}]}},"_links":{"self":[{"href":"https:\/\/aktgroup.com.tr\/index.php\/wp-json\/wp\/v2\/pages\/241","targetHints":{"allow":["GET"]}}],"collection":[{"href":"https:\/\/aktgroup.com.tr\/index.php\/wp-json\/wp\/v2\/pages"}],"about":[{"href":"https:\/\/aktgroup.com.tr\/index.php\/wp-json\/wp\/v2\/types\/page"}],"author":[{"embeddable":true,"href":"https:\/\/aktgroup.com.tr\/index.php\/wp-json\/wp\/v2\/users\/1"}],"replies":[{"embeddable":true,"href":"https:\/\/aktgroup.com.tr\/index.php\/wp-json\/wp\/v2\/comments?post=241"}],"version-history":[{"count":37,"href":"https:\/\/aktgroup.com.tr\/index.php\/wp-json\/wp\/v2\/pages\/241\/revisions"}],"predecessor-version":[{"id":368,"href":"https:\/\/aktgroup.com.tr\/index.php\/wp-json\/wp\/v2\/pages\/241\/revisions\/368"}],"wp:attachment":[{"href":"https:\/\/aktgroup.com.tr\/index.php\/wp-json\/wp\/v2\/media?parent=241"}],"curies":[{"name":"wp","href":"https:\/\/api.w.org\/{rel}","templated":true}]}}