{"id":235,"date":"2025-05-28T10:16:19","date_gmt":"2025-05-28T10:16:19","guid":{"rendered":"http:\/\/aktgroup.com.tr\/?page_id=235"},"modified":"2026-04-15T20:18:31","modified_gmt":"2026-04-15T20:18:31","slug":"hakimizda-2","status":"publish","type":"page","link":"https:\/\/aktgroup.com.tr\/index.php\/hakimizda-2\/","title":{"rendered":"Hak\u0131m\u0131zda"},"content":{"rendered":"\t\t<div data-elementor-type=\"wp-page\" data-elementor-id=\"235\" class=\"elementor elementor-235\">\n\t\t\t\t<div class=\"elementor-element elementor-element-4d04582 e-flex e-con-boxed e-con e-parent\" data-id=\"4d04582\" data-element_type=\"container\" data-e-type=\"container\">\n\t\t\t\t\t<div class=\"e-con-inner\">\n\t\t<div class=\"elementor-element elementor-element-858663b e-con-full e-flex e-con e-child\" data-id=\"858663b\" data-element_type=\"container\" data-e-type=\"container\">\n\t\t\t\t<div class=\"elementor-element elementor-element-069d48b elementor-widget elementor-widget-spacer\" data-id=\"069d48b\" data-element_type=\"widget\" data-e-type=\"widget\" data-widget_type=\"spacer.default\">\n\t\t\t\t<div class=\"elementor-widget-container\">\n\t\t\t\t\t\t\t<div class=\"elementor-spacer\">\n\t\t\t<div class=\"elementor-spacer-inner\"><\/div>\n\t\t<\/div>\n\t\t\t\t\t\t<\/div>\n\t\t\t\t<\/div>\n\t\t\t\t<\/div>\n\t\t<div class=\"elementor-element elementor-element-c1f45f3 e-con-full e-flex e-con e-child\" data-id=\"c1f45f3\" data-element_type=\"container\" data-e-type=\"container\">\n\t\t\t\t<div class=\"elementor-element elementor-element-dfb4685 elementor-widget elementor-widget-heading\" data-id=\"dfb4685\" data-element_type=\"widget\" data-e-type=\"widget\" data-widget_type=\"heading.default\">\n\t\t\t\t<div class=\"elementor-widget-container\">\n\t\t\t\t\t<h1 class=\"elementor-heading-title elementor-size-default\">Karanfiller \u0130n\u015faat Nakliyat . <span class=\"primary-color\">Temizlik G\u0131da Sanayi ve Ticaret Ltd. \u015eti<\/span><\/h1>\t\t\t\t<\/div>\n\t\t\t\t<\/div>\n\t\t\t\t<div class=\"elementor-element elementor-element-7eea18f elementor-widget elementor-widget-heading\" data-id=\"7eea18f\" data-element_type=\"widget\" data-e-type=\"widget\" data-widget_type=\"heading.default\">\n\t\t\t\t<div class=\"elementor-widget-container\">\n\t\t\t\t\t<h3 class=\"elementor-heading-title elementor-size-default\">2001 y\u0131l\u0131nda kurulan Karanfiller \u0130n\u015faat Nakliyat Temizlik G\u0131da Sanayi ve Ticaret Ltd. \u015eti., Malatya'n\u0131n Battalgazi il\u00e7esinde hizmet vermektedir. Kurulu\u015fumuzdan bu yana, sekt\u00f6rdeki deneyimimiz ve m\u00fc\u015fteri odakl\u0131 yakla\u015f\u0131m\u0131m\u0131zla g\u00fcvenilir, kaliteli ve \u00e7\u00f6z\u00fcm odakl\u0131 hizmetler sunmay\u0131 hedefliyoruz.\n\nFirmam\u0131z, in\u015faat, nakliyat, temizlik ve g\u0131da alanlar\u0131nda faaliyet g\u00f6stermektedir. Her bir alanda uzman ve deneyimli bir ekip ile m\u00fc\u015fterilerimizin ihtiya\u00e7 ve beklentilerini en iyi \u015fekilde kar\u015f\u0131lamay\u0131 ama\u00e7l\u0131yoruz. Kaliteden \u00f6d\u00fcn vermeden y\u00fcr\u00fctt\u00fc\u011f\u00fcm\u00fcz projelerde zaman\u0131nda teslimat, \u015feffaf ileti\u015fim ve s\u00fcrd\u00fcr\u00fclebilir \u00e7\u00f6z\u00fcmler \u00f6n plandad\u0131r.\n\nVizyonumuz: Geli\u015fen teknolojiye uyum sa\u011flayarak sekt\u00f6r\u00fcm\u00fczdeki \u00f6nc\u00fc firmalar aras\u0131nda yer almak ve m\u00fc\u015fteri memnuniyetini en \u00fcst d\u00fczeye \u00e7\u0131karmakt\u0131r.\n\nMisyonumuz: G\u00fcvenilirlik, d\u00fcr\u00fcstl\u00fck ve kaliteli hizmet anlay\u0131\u015f\u0131n\u0131 benimseyerek, faaliyet g\u00f6sterdi\u011fimiz her alanda s\u00fcrd\u00fcr\u00fclebilir de\u011ferler yaratmakt\u0131r.\n\nBizimle \u00e7al\u0131\u015fmak ve daha fazla bilgi almak i\u00e7in ileti\u015fime ge\u00e7mekten \u00e7ekinmeyin.<\/h3>\t\t\t\t<\/div>\n\t\t\t\t<\/div>\n\t\t\t\t<div class=\"elementor-element elementor-element-ee2008c elementor-widget elementor-widget-spacer\" data-id=\"ee2008c\" data-element_type=\"widget\" data-e-type=\"widget\" data-widget_type=\"spacer.default\">\n\t\t\t\t<div class=\"elementor-widget-container\">\n\t\t\t\t\t\t\t<div class=\"elementor-spacer\">\n\t\t\t<div class=\"elementor-spacer-inner\"><\/div>\n\t\t<\/div>\n\t\t\t\t\t\t<\/div>\n\t\t\t\t<\/div>\n\t\t\t\t<div class=\"elementor-element elementor-element-d4e02a3 elementor-widget elementor-widget-heading\" data-id=\"d4e02a3\" data-element_type=\"widget\" data-e-type=\"widget\" data-widget_type=\"heading.default\">\n\t\t\t\t<div class=\"elementor-widget-container\">\n\t\t\t\t\t<h1 class=\"elementor-heading-title elementor-size-default\">Kerim Metal \u0130n\u015faat Taahh\u00fct <span class=\"primary-color\"> Metal Sanayi ve Ticaret Ltd. \u015eti.<\/span><\/h1>\t\t\t\t<\/div>\n\t\t\t\t<\/div>\n\t\t\t\t<div class=\"elementor-element elementor-element-1de3cbf elementor-widget elementor-widget-spacer\" data-id=\"1de3cbf\" data-element_type=\"widget\" data-e-type=\"widget\" data-widget_type=\"spacer.default\">\n\t\t\t\t<div class=\"elementor-widget-container\">\n\t\t\t\t\t\t\t<div class=\"elementor-spacer\">\n\t\t\t<div class=\"elementor-spacer-inner\"><\/div>\n\t\t<\/div>\n\t\t\t\t\t\t<\/div>\n\t\t\t\t<\/div>\n\t\t\t\t<div class=\"elementor-element elementor-element-3911222 elementor-widget elementor-widget-heading\" data-id=\"3911222\" data-element_type=\"widget\" data-e-type=\"widget\" data-widget_type=\"heading.default\">\n\t\t\t\t<div class=\"elementor-widget-container\">\n\t\t\t\t\t<h3 class=\"elementor-heading-title elementor-size-default\">Kerim Metal \u0130n\u015faat Taahh\u00fct Metal Sanayi ve Ticaret Ltd. \u015eti. olarak, Malatya'n\u0131n Ye\u015filyurt il\u00e7esinde faaliyet g\u00f6stermekteyiz. Kuruldu\u011fumuz g\u00fcnden bu yana, in\u015faat ve metal sekt\u00f6rlerinde g\u00fcvenilir, kaliteli ve s\u00fcrd\u00fcr\u00fclebilir \u00e7\u00f6z\u00fcmler sunmay\u0131 ilke edindik.\n\nUzman kadromuz ve y\u0131llara dayanan tecr\u00fcbemizle; taahh\u00fct i\u015fleri, metal yap\u0131 sistemleri, sanayi yap\u0131lar\u0131, \u00f6zel imalatlar ve projelendirme hizmetleri ba\u015fta olmak \u00fczere geni\u015f bir alanda faaliyet g\u00f6stermekteyiz. M\u00fc\u015fteri memnuniyetini esas alan anlay\u0131\u015f\u0131m\u0131zla, her projeye \u00f6zenle yakla\u015f\u0131r, zaman\u0131nda ve eksiksiz teslimat prensibiyle hareket ederiz.\n\nFirmam\u0131z, kaliteyi, sa\u011flaml\u0131\u011f\u0131 ve esteti\u011fi bir arada sunarak sekt\u00f6r\u00fcnde \u00f6nc\u00fc ve g\u00fcvenilir bir marka olma yolunda emin ad\u0131mlarla ilerlemektedir.\n\nKerim Metal, i\u015f ortaklar\u0131na yaln\u0131zca bir hizmet de\u011fil, ayn\u0131 zamanda \u00e7\u00f6z\u00fcm orta\u011f\u0131 olmay\u0131 taahh\u00fct eder.<\/h3>\t\t\t\t<\/div>\n\t\t\t\t<\/div>\n\t\t\t\t<\/div>\n\t\t\t\t\t<\/div>\n\t\t\t\t<\/div>\n\t\t<div class=\"elementor-element elementor-element-910910c e-flex e-con-boxed e-con e-parent\" data-id=\"910910c\" data-element_type=\"container\" data-e-type=\"container\">\n\t\t\t\t\t<div class=\"e-con-inner\">\n\t\t<div class=\"elementor-element elementor-element-58a0419 e-con-full e-flex e-con e-child\" data-id=\"58a0419\" data-element_type=\"container\" data-e-type=\"container\">\n\t\t\t\t<div class=\"elementor-element elementor-element-3a71078 elementor-widget elementor-widget-spacer\" data-id=\"3a71078\" data-element_type=\"widget\" data-e-type=\"widget\" data-widget_type=\"spacer.default\">\n\t\t\t\t<div class=\"elementor-widget-container\">\n\t\t\t\t\t\t\t<div class=\"elementor-spacer\">\n\t\t\t<div class=\"elementor-spacer-inner\"><\/div>\n\t\t<\/div>\n\t\t\t\t\t\t<\/div>\n\t\t\t\t<\/div>\n\t\t\t\t<div class=\"elementor-element elementor-element-77e5b9c elementor-widget elementor-widget-heading\" data-id=\"77e5b9c\" data-element_type=\"widget\" data-e-type=\"widget\" data-widget_type=\"heading.default\">\n\t\t\t\t<div class=\"elementor-widget-container\">\n\t\t\t\t\t<h1 class=\"elementor-heading-title elementor-size-default\">Medyan Moda Tekstil <span class=\"primary-color\"> Pazarlama \u0130n\u015faat Sanayi ve Ticaret Ltd. \u015eti.<\/span><\/h1>\t\t\t\t<\/div>\n\t\t\t\t<\/div>\n\t\t\t\t<\/div>\n\t\t<div class=\"elementor-element elementor-element-d5f18f8 e-con-full e-flex e-con e-child\" data-id=\"d5f18f8\" data-element_type=\"container\" data-e-type=\"container\">\n\t\t\t\t<div class=\"elementor-element elementor-element-7173948 elementor-widget elementor-widget-spacer\" data-id=\"7173948\" data-element_type=\"widget\" data-e-type=\"widget\" data-widget_type=\"spacer.default\">\n\t\t\t\t<div class=\"elementor-widget-container\">\n\t\t\t\t\t\t\t<div class=\"elementor-spacer\">\n\t\t\t<div class=\"elementor-spacer-inner\"><\/div>\n\t\t<\/div>\n\t\t\t\t\t\t<\/div>\n\t\t\t\t<\/div>\n\t\t\t\t<div class=\"elementor-element elementor-element-f73ecc3 elementor-widget elementor-widget-heading\" data-id=\"f73ecc3\" data-element_type=\"widget\" data-e-type=\"widget\" data-widget_type=\"heading.default\">\n\t\t\t\t<div class=\"elementor-widget-container\">\n\t\t\t\t\t<h2 class=\"elementor-heading-title elementor-size-default\">Medyan Moda Tekstil Pazarlama \u0130n\u015faat Sanayi ve Ticaret Ltd. \u015eti., sekt\u00f6rdeki k\u00f6kl\u00fc tecr\u00fcbesi ve m\u00fc\u015fteri memnuniyeti odakl\u0131 hizmet anlay\u0131\u015f\u0131yla tekstil ve in\u015faat alanlar\u0131nda faaliyet g\u00f6stermektedir. Yenilik\u00e7i yakla\u015f\u0131m\u0131m\u0131z, kaliteli \u00fcr\u00fcn ve hizmet sunma hedefimizle birle\u015ferek hem yurt i\u00e7inde hem de yurt d\u0131\u015f\u0131nda g\u00fc\u00e7l\u00fc bir marka konumuna ula\u015fmam\u0131z\u0131 sa\u011flam\u0131\u015ft\u0131r. \n\nTekstil alan\u0131nda moda trendlerini yak\u0131ndan takip ederek m\u00fc\u015fterilerimize \u00e7a\u011fda\u015f ve kaliteli \u00e7\u00f6z\u00fcmler sunuyoruz. \u00dcr\u00fcnlerimizde \u015f\u0131kl\u0131k, konfor ve dayan\u0131kl\u0131l\u0131\u011f\u0131 bir arada sunmak en b\u00fcy\u00fck \u00f6nceli\u011fimizdir. \n\n\u0130n\u015faat sekt\u00f6r\u00fcnde ise modern ve g\u00fcvenli yap\u0131lar in\u015fa etmek amac\u0131yla \u00e7\u0131kt\u0131\u011f\u0131m\u0131z bu yolda projelerimizi zaman\u0131nda ve y\u00fcksek standartlarda teslim etmenin gururunu ya\u015f\u0131yoruz. \n\nM\u00fc\u015fterilerimizle kurdu\u011fumuz g\u00fc\u00e7l\u00fc ba\u011flar ve i\u015f ortakl\u0131klar\u0131m\u0131z \u015firketimizin temel ta\u015flar\u0131n\u0131 olu\u015fturur. S\u00fcrekli geli\u015fimi ilke edinerek teknolojiyi ve yenili\u011fi i\u015fimize entegre ediyor, s\u00fcrd\u00fcr\u00fclebilir bir b\u00fcy\u00fcme hedefliyoruz. \n\nVizyonumuz: Kaliteli, g\u00fcvenilir ve yenilik\u00e7i.<\/h2>\t\t\t\t<\/div>\n\t\t\t\t<\/div>\n\t\t\t\t<\/div>\n\t\t\t\t\t<\/div>\n\t\t\t\t<\/div>\n\t\t\t\t<\/div>\n\t\t","protected":false},"excerpt":{"rendered":"<p>Karanfiller \u0130n\u015faat Nakliyat . Temizlik G\u0131da Sanayi ve Ticaret Ltd. \u015eti 2001 y\u0131l\u0131nda kurulan Karanfiller \u0130n\u015faat Nakliyat Temizlik G\u0131da Sanayi ve Ticaret Ltd. \u015eti., Malatya&#8217;n\u0131n Battalgazi il\u00e7esinde hizmet vermektedir. Kurulu\u015fumuzdan bu yana, sekt\u00f6rdeki deneyimimiz ve m\u00fc\u015fteri odakl\u0131 yakla\u015f\u0131m\u0131m\u0131zla g\u00fcvenilir, kaliteli ve \u00e7\u00f6z\u00fcm odakl\u0131 hizmetler sunmay\u0131 hedefliyoruz. Firmam\u0131z, in\u015faat, nakliyat, temizlik ve g\u0131da alanlar\u0131nda faaliyet g\u00f6stermektedir. [&hellip;]<\/p>\n","protected":false},"author":1,"featured_media":0,"parent":0,"menu_order":0,"comment_status":"closed","ping_status":"closed","template":"","meta":{"footnotes":""},"class_list":["post-235","page","type-page","status-publish","hentry"],"yoast_head":"<!-- This site is optimized with the Yoast SEO plugin v27.4 - https:\/\/yoast.com\/product\/yoast-seo-wordpress\/ -->\n<title>Hak\u0131m\u0131zda - Akt Grup<\/title>\n<meta name=\"robots\" content=\"index, follow, max-snippet:-1, max-image-preview:large, max-video-preview:-1\" \/>\n<link rel=\"canonical\" href=\"https:\/\/aktgroup.com.tr\/index.php\/hakimizda-2\/\" \/>\n<meta property=\"og:locale\" content=\"tr_TR\" \/>\n<meta property=\"og:type\" content=\"article\" \/>\n<meta property=\"og:title\" content=\"Hak\u0131m\u0131zda - Akt Grup\" \/>\n<meta property=\"og:description\" content=\"Karanfiller \u0130n\u015faat Nakliyat . Temizlik G\u0131da Sanayi ve Ticaret Ltd. \u015eti 2001 y\u0131l\u0131nda kurulan Karanfiller \u0130n\u015faat Nakliyat Temizlik G\u0131da Sanayi ve Ticaret Ltd. \u015eti., Malatya&#8217;n\u0131n Battalgazi il\u00e7esinde hizmet vermektedir. Kurulu\u015fumuzdan bu yana, sekt\u00f6rdeki deneyimimiz ve m\u00fc\u015fteri odakl\u0131 yakla\u015f\u0131m\u0131m\u0131zla g\u00fcvenilir, kaliteli ve \u00e7\u00f6z\u00fcm odakl\u0131 hizmetler sunmay\u0131 hedefliyoruz. Firmam\u0131z, in\u015faat, nakliyat, temizlik ve g\u0131da alanlar\u0131nda faaliyet g\u00f6stermektedir. [&hellip;]\" \/>\n<meta property=\"og:url\" content=\"https:\/\/aktgroup.com.tr\/index.php\/hakimizda-2\/\" \/>\n<meta property=\"og:site_name\" content=\"Akt Grup\" \/>\n<meta property=\"article:modified_time\" content=\"2026-04-15T20:18:31+00:00\" \/>\n<meta name=\"twitter:card\" content=\"summary_large_image\" \/>\n<meta name=\"twitter:label1\" content=\"Tahmini okuma s\u00fcresi\" \/>\n\t<meta name=\"twitter:data1\" content=\"3 dakika\" \/>\n<script type=\"application\/ld+json\" class=\"yoast-schema-graph\">{\"@context\":\"https:\\\/\\\/schema.org\",\"@graph\":[{\"@type\":\"WebPage\",\"@id\":\"https:\\\/\\\/aktgroup.com.tr\\\/index.php\\\/hakimizda-2\\\/\",\"url\":\"https:\\\/\\\/aktgroup.com.tr\\\/index.php\\\/hakimizda-2\\\/\",\"name\":\"Hak\u0131m\u0131zda - Akt Grup\",\"isPartOf\":{\"@id\":\"https:\\\/\\\/aktgroup.com.tr\\\/#website\"},\"datePublished\":\"2025-05-28T10:16:19+00:00\",\"dateModified\":\"2026-04-15T20:18:31+00:00\",\"breadcrumb\":{\"@id\":\"https:\\\/\\\/aktgroup.com.tr\\\/index.php\\\/hakimizda-2\\\/#breadcrumb\"},\"inLanguage\":\"tr\",\"potentialAction\":[{\"@type\":\"ReadAction\",\"target\":[\"https:\\\/\\\/aktgroup.com.tr\\\/index.php\\\/hakimizda-2\\\/\"]}]},{\"@type\":\"BreadcrumbList\",\"@id\":\"https:\\\/\\\/aktgroup.com.tr\\\/index.php\\\/hakimizda-2\\\/#breadcrumb\",\"itemListElement\":[{\"@type\":\"ListItem\",\"position\":1,\"name\":\"Anasayfa\",\"item\":\"https:\\\/\\\/aktgroup.com.tr\\\/\"},{\"@type\":\"ListItem\",\"position\":2,\"name\":\"Hak\u0131m\u0131zda\"}]},{\"@type\":\"WebSite\",\"@id\":\"https:\\\/\\\/aktgroup.com.tr\\\/#website\",\"url\":\"https:\\\/\\\/aktgroup.com.tr\\\/\",\"name\":\"Akt Group\",\"description\":\"\",\"publisher\":{\"@id\":\"https:\\\/\\\/aktgroup.com.tr\\\/#organization\"},\"potentialAction\":[{\"@type\":\"SearchAction\",\"target\":{\"@type\":\"EntryPoint\",\"urlTemplate\":\"https:\\\/\\\/aktgroup.com.tr\\\/?s={search_term_string}\"},\"query-input\":{\"@type\":\"PropertyValueSpecification\",\"valueRequired\":true,\"valueName\":\"search_term_string\"}}],\"inLanguage\":\"tr\"},{\"@type\":\"Organization\",\"@id\":\"https:\\\/\\\/aktgroup.com.tr\\\/#organization\",\"name\":\"Akt Group\",\"url\":\"https:\\\/\\\/aktgroup.com.tr\\\/\",\"logo\":{\"@type\":\"ImageObject\",\"inLanguage\":\"tr\",\"@id\":\"https:\\\/\\\/aktgroup.com.tr\\\/#\\\/schema\\\/logo\\\/image\\\/\",\"url\":\"https:\\\/\\\/aktgroup.com.tr\\\/wp-content\\\/uploads\\\/2025\\\/12\\\/WhatsApp-Image-2025-12-30-at-12.39.17-Photoroom.png\",\"contentUrl\":\"https:\\\/\\\/aktgroup.com.tr\\\/wp-content\\\/uploads\\\/2025\\\/12\\\/WhatsApp-Image-2025-12-30-at-12.39.17-Photoroom.png\",\"width\":1280,\"height\":783,\"caption\":\"Akt Group\"},\"image\":{\"@id\":\"https:\\\/\\\/aktgroup.com.tr\\\/#\\\/schema\\\/logo\\\/image\\\/\"}}]}<\/script>\n<!-- \/ Yoast SEO plugin. -->","yoast_head_json":{"title":"Hak\u0131m\u0131zda - Akt Grup","robots":{"index":"index","follow":"follow","max-snippet":"max-snippet:-1","max-image-preview":"max-image-preview:large","max-video-preview":"max-video-preview:-1"},"canonical":"https:\/\/aktgroup.com.tr\/index.php\/hakimizda-2\/","og_locale":"tr_TR","og_type":"article","og_title":"Hak\u0131m\u0131zda - Akt Grup","og_description":"Karanfiller \u0130n\u015faat Nakliyat . Temizlik G\u0131da Sanayi ve Ticaret Ltd. \u015eti 2001 y\u0131l\u0131nda kurulan Karanfiller \u0130n\u015faat Nakliyat Temizlik G\u0131da Sanayi ve Ticaret Ltd. \u015eti., Malatya&#8217;n\u0131n Battalgazi il\u00e7esinde hizmet vermektedir. Kurulu\u015fumuzdan bu yana, sekt\u00f6rdeki deneyimimiz ve m\u00fc\u015fteri odakl\u0131 yakla\u015f\u0131m\u0131m\u0131zla g\u00fcvenilir, kaliteli ve \u00e7\u00f6z\u00fcm odakl\u0131 hizmetler sunmay\u0131 hedefliyoruz. Firmam\u0131z, in\u015faat, nakliyat, temizlik ve g\u0131da alanlar\u0131nda faaliyet g\u00f6stermektedir. [&hellip;]","og_url":"https:\/\/aktgroup.com.tr\/index.php\/hakimizda-2\/","og_site_name":"Akt Grup","article_modified_time":"2026-04-15T20:18:31+00:00","twitter_card":"summary_large_image","twitter_misc":{"Tahmini okuma s\u00fcresi":"3 dakika"},"schema":{"@context":"https:\/\/schema.org","@graph":[{"@type":"WebPage","@id":"https:\/\/aktgroup.com.tr\/index.php\/hakimizda-2\/","url":"https:\/\/aktgroup.com.tr\/index.php\/hakimizda-2\/","name":"Hak\u0131m\u0131zda - Akt Grup","isPartOf":{"@id":"https:\/\/aktgroup.com.tr\/#website"},"datePublished":"2025-05-28T10:16:19+00:00","dateModified":"2026-04-15T20:18:31+00:00","breadcrumb":{"@id":"https:\/\/aktgroup.com.tr\/index.php\/hakimizda-2\/#breadcrumb"},"inLanguage":"tr","potentialAction":[{"@type":"ReadAction","target":["https:\/\/aktgroup.com.tr\/index.php\/hakimizda-2\/"]}]},{"@type":"BreadcrumbList","@id":"https:\/\/aktgroup.com.tr\/index.php\/hakimizda-2\/#breadcrumb","itemListElement":[{"@type":"ListItem","position":1,"name":"Anasayfa","item":"https:\/\/aktgroup.com.tr\/"},{"@type":"ListItem","position":2,"name":"Hak\u0131m\u0131zda"}]},{"@type":"WebSite","@id":"https:\/\/aktgroup.com.tr\/#website","url":"https:\/\/aktgroup.com.tr\/","name":"Akt Group","description":"","publisher":{"@id":"https:\/\/aktgroup.com.tr\/#organization"},"potentialAction":[{"@type":"SearchAction","target":{"@type":"EntryPoint","urlTemplate":"https:\/\/aktgroup.com.tr\/?s={search_term_string}"},"query-input":{"@type":"PropertyValueSpecification","valueRequired":true,"valueName":"search_term_string"}}],"inLanguage":"tr"},{"@type":"Organization","@id":"https:\/\/aktgroup.com.tr\/#organization","name":"Akt Group","url":"https:\/\/aktgroup.com.tr\/","logo":{"@type":"ImageObject","inLanguage":"tr","@id":"https:\/\/aktgroup.com.tr\/#\/schema\/logo\/image\/","url":"https:\/\/aktgroup.com.tr\/wp-content\/uploads\/2025\/12\/WhatsApp-Image-2025-12-30-at-12.39.17-Photoroom.png","contentUrl":"https:\/\/aktgroup.com.tr\/wp-content\/uploads\/2025\/12\/WhatsApp-Image-2025-12-30-at-12.39.17-Photoroom.png","width":1280,"height":783,"caption":"Akt Group"},"image":{"@id":"https:\/\/aktgroup.com.tr\/#\/schema\/logo\/image\/"}}]}},"_links":{"self":[{"href":"https:\/\/aktgroup.com.tr\/index.php\/wp-json\/wp\/v2\/pages\/235","targetHints":{"allow":["GET"]}}],"collection":[{"href":"https:\/\/aktgroup.com.tr\/index.php\/wp-json\/wp\/v2\/pages"}],"about":[{"href":"https:\/\/aktgroup.com.tr\/index.php\/wp-json\/wp\/v2\/types\/page"}],"author":[{"embeddable":true,"href":"https:\/\/aktgroup.com.tr\/index.php\/wp-json\/wp\/v2\/users\/1"}],"replies":[{"embeddable":true,"href":"https:\/\/aktgroup.com.tr\/index.php\/wp-json\/wp\/v2\/comments?post=235"}],"version-history":[{"count":32,"href":"https:\/\/aktgroup.com.tr\/index.php\/wp-json\/wp\/v2\/pages\/235\/revisions"}],"predecessor-version":[{"id":634,"href":"https:\/\/aktgroup.com.tr\/index.php\/wp-json\/wp\/v2\/pages\/235\/revisions\/634"}],"wp:attachment":[{"href":"https:\/\/aktgroup.com.tr\/index.php\/wp-json\/wp\/v2\/media?parent=235"}],"curies":[{"name":"wp","href":"https:\/\/api.w.org\/{rel}","templated":true}]}}