{"id":20,"date":"2025-05-14T11:57:11","date_gmt":"2025-05-14T11:57:11","guid":{"rendered":"http:\/\/aktgroup.com.tr\/?page_id=20"},"modified":"2026-04-15T20:18:31","modified_gmt":"2026-04-15T20:18:31","slug":"referanslar","status":"publish","type":"page","link":"https:\/\/aktgroup.com.tr\/index.php\/referanslar\/","title":{"rendered":"Referanslar"},"content":{"rendered":"\t\t<div data-elementor-type=\"wp-page\" data-elementor-id=\"20\" class=\"elementor elementor-20\">\n\t\t\t\t<div class=\"elementor-element elementor-element-8c18a53 e-flex e-con-boxed e-con e-parent\" data-id=\"8c18a53\" data-element_type=\"container\" data-e-type=\"container\">\n\t\t\t\t\t<div class=\"e-con-inner\">\n\t\t\t\t<div class=\"elementor-element elementor-element-99734f0 elementor-widget elementor-widget-heading\" data-id=\"99734f0\" data-element_type=\"widget\" data-e-type=\"widget\" data-widget_type=\"heading.default\">\n\t\t\t\t<div class=\"elementor-widget-container\">\n\t\t\t\t\t<h1 class=\"elementor-heading-title elementor-size-default\">Bunlar, ger\u00e7ekle\u015ftirdi\u011fimiz \u00f6rnek \u00e7al\u0131\u015fmalard\u0131r.<\/h1>\t\t\t\t<\/div>\n\t\t\t\t<\/div>\n\t\t\t\t<div class=\"elementor-element elementor-element-40cc02f elementor-widget elementor-widget-spacer\" data-id=\"40cc02f\" data-element_type=\"widget\" data-e-type=\"widget\" data-widget_type=\"spacer.default\">\n\t\t\t\t<div class=\"elementor-widget-container\">\n\t\t\t\t\t\t\t<div class=\"elementor-spacer\">\n\t\t\t<div class=\"elementor-spacer-inner\"><\/div>\n\t\t<\/div>\n\t\t\t\t\t\t<\/div>\n\t\t\t\t<\/div>\n\t\t\t\t\t<\/div>\n\t\t\t\t<\/div>\n\t\t<div class=\"elementor-element elementor-element-d294e52 e-grid e-con-full e-con e-parent\" data-id=\"d294e52\" data-element_type=\"container\" data-e-type=\"container\">\n\t\t\t\t<div class=\"elementor-element elementor-element-a208b72 elementor-widget elementor-widget-heading\" data-id=\"a208b72\" data-element_type=\"widget\" data-e-type=\"widget\" data-widget_type=\"heading.default\">\n\t\t\t\t<div class=\"elementor-widget-container\">\n\t\t\t\t\t<h4 class=\"elementor-heading-title elementor-size-default\">Malatya' n\u0131n Ak\u00e7ada\u011f il\u00e7esinde ger\u00e7ekle\u015ftirdi\u011fimiz marketin i\u00e7 tasar\u0131m\u0131, m\u00fc\u015fteri iste\u011fi do\u011frultusunda yap\u0131lm\u0131\u015ft\u0131r. Duvarlar, sandvi\u00e7 panel ile yal\u0131t\u0131lm\u0131\u015f ve 18 mm beyaz cilal\u0131 MDF ile kaplanm\u0131\u015ft\u0131r. Tavan k\u0131sm\u0131 ise \u0130zocam yal\u0131t\u0131m ve lambriden olu\u015fmaktad\u0131r.<\/h4>\t\t\t\t<\/div>\n\t\t\t\t<\/div>\n\t\t\t\t<\/div>\n\t\t<div class=\"elementor-element elementor-element-4165b65 e-flex e-con-boxed e-con e-parent\" data-id=\"4165b65\" data-element_type=\"container\" data-e-type=\"container\">\n\t\t\t\t\t<div class=\"e-con-inner\">\n\t\t<div class=\"elementor-element elementor-element-c2f0e59 e-con-full e-flex e-con e-child\" data-id=\"c2f0e59\" data-element_type=\"container\" data-e-type=\"container\">\n\t\t\t\t<\/div>\n\t\t<div class=\"elementor-element elementor-element-f7ee46e e-con-full e-flex e-con e-child\" data-id=\"f7ee46e\" data-element_type=\"container\" data-e-type=\"container\">\n\t\t\t\t<div class=\"elementor-element elementor-element-66e7270 elementor-widget elementor-widget-heading\" data-id=\"66e7270\" data-element_type=\"widget\" data-e-type=\"widget\" data-widget_type=\"heading.default\">\n\t\t\t\t<div class=\"elementor-widget-container\">\n\t\t\t\t\t<h4 class=\"elementor-heading-title elementor-size-default\">\u0130stedi\u011finiz tarz ve boyutta konteyner \u00fcretimi yap\u0131lmaktad\u0131r. \u0130ki odal\u0131, tuvaletli ve banyolu se\u00e7enekler mevcuttur. Fiyat fark\u0131 ile birlikte, talep etti\u011finiz kadar kap\u0131 ve pencere eklenebilir.<\/h4>\t\t\t\t<\/div>\n\t\t\t\t<\/div>\n\t\t\t\t<\/div>\n\t\t\t\t\t<\/div>\n\t\t\t\t<\/div>\n\t\t<div class=\"elementor-element elementor-element-535e21a e-flex e-con-boxed e-con e-parent\" data-id=\"535e21a\" data-element_type=\"container\" data-e-type=\"container\">\n\t\t\t\t\t<div class=\"e-con-inner\">\n\t\t<div class=\"elementor-element elementor-element-1c874f9 e-con-full e-flex e-con e-child\" data-id=\"1c874f9\" data-element_type=\"container\" data-e-type=\"container\">\n\t\t\t\t<\/div>\n\t\t<div class=\"elementor-element elementor-element-88d7b38 e-con-full e-flex e-con e-child\" data-id=\"88d7b38\" data-element_type=\"container\" data-e-type=\"container\">\n\t\t\t\t<div class=\"elementor-element elementor-element-c1ee430 elementor-widget elementor-widget-heading\" data-id=\"c1ee430\" data-element_type=\"widget\" data-e-type=\"widget\" data-widget_type=\"heading.default\">\n\t\t\t\t<div class=\"elementor-widget-container\">\n\t\t\t\t\t<h3 class=\"elementor-heading-title elementor-size-default\"><font dir=\"auto\" style=\"vertical-align: inherit\"><font dir=\"auto\" style=\"vertical-align: inherit\" class=\"\">M\u00fc\u015fterinin talebi \u00fczerine istenilen boyutta  hidrolik kald\u0131rma sistemli r\u00f6morkumuz<\/font><\/font><font dir=\"auto\" style=\"vertical-align: inherit\"><font dir=\"auto\" style=\"vertical-align: inherit\" class=\"\">.<\/font><\/font><\/h3>\t\t\t\t<\/div>\n\t\t\t\t<\/div>\n\t\t\t\t<\/div>\n\t\t\t\t\t<\/div>\n\t\t\t\t<\/div>\n\t\t<div class=\"elementor-element elementor-element-b820210 e-grid e-con-boxed e-con e-parent\" data-id=\"b820210\" data-element_type=\"container\" data-e-type=\"container\">\n\t\t\t\t\t<div class=\"e-con-inner\">\n\t\t\t\t<div class=\"elementor-element elementor-element-9ef0341 elementor-widget elementor-widget-heading\" data-id=\"9ef0341\" data-element_type=\"widget\" data-e-type=\"widget\" data-widget_type=\"heading.default\">\n\t\t\t\t<div class=\"elementor-widget-container\">\n\t\t\t\t\t<h2 class=\"elementor-heading-title elementor-size-default\"><font dir=\"auto\" style=\"vertical-align: inherit\"><font dir=\"auto\" style=\"vertical-align: inherit\" class=\"\">M\u00fc\u015fteri talebi \u00fczerine, 75 metrekarelik prefabrik evimizde zemin 18mm kal\u0131nl\u0131\u011f\u0131nda cilal\u0131 MDF ile kaplanm\u0131\u015f, tavanda ise \u0130zocam izolasyon ve lambiri d\u00f6\u015femesi bulunmaktad\u0131r <\/font><\/font><font dir=\"auto\" style=\"vertical-align: inherit\"><font dir=\"auto\" style=\"vertical-align: inherit\" class=\"\">.<\/font><\/font><\/h2>\t\t\t\t<\/div>\n\t\t\t\t<\/div>\n\t\t\t\t\t<\/div>\n\t\t\t\t<\/div>\n\t\t<div class=\"elementor-element elementor-element-e569788 e-grid e-con-boxed e-con e-parent\" data-id=\"e569788\" data-element_type=\"container\" data-e-type=\"container\">\n\t\t\t\t\t<div class=\"e-con-inner\">\n\t\t\t\t<div class=\"elementor-element elementor-element-050c6df elementor-widget elementor-widget-heading\" data-id=\"050c6df\" data-element_type=\"widget\" data-e-type=\"widget\" data-widget_type=\"heading.default\">\n\t\t\t\t<div class=\"elementor-widget-container\">\n\t\t\t\t\t<h2 class=\"elementor-heading-title elementor-size-default\">Malatya merkezde dershaneye yapm\u0131\u015f oldu\u011fumuz yang\u0131n merdivenimiz<\/h2>\t\t\t\t<\/div>\n\t\t\t\t<\/div>\n\t\t\t\t\t<\/div>\n\t\t\t\t<\/div>\n\t\t<div class=\"elementor-element elementor-element-e6c13f0 e-flex e-con-boxed e-con e-parent\" data-id=\"e6c13f0\" data-element_type=\"container\" data-e-type=\"container\">\n\t\t\t\t\t<div class=\"e-con-inner\">\n\t\t<div class=\"elementor-element elementor-element-8d5c859 e-con-full e-flex e-con e-child\" data-id=\"8d5c859\" data-element_type=\"container\" data-e-type=\"container\">\n\t\t\t\t<\/div>\n\t\t<div class=\"elementor-element elementor-element-c8f95b4 e-con-full e-flex e-con e-child\" data-id=\"c8f95b4\" data-element_type=\"container\" data-e-type=\"container\">\n\t\t\t\t<div class=\"elementor-element elementor-element-ab48004 elementor-widget elementor-widget-heading\" data-id=\"ab48004\" data-element_type=\"widget\" data-e-type=\"widget\" data-widget_type=\"heading.default\">\n\t\t\t\t<div class=\"elementor-widget-container\">\n\t\t\t\t\t<h2 class=\"elementor-heading-title elementor-size-default\">Malatyan\u0131n Ak\u00e7ada\u011f ilcesinde yapm\u0131\u015f oldugumuz besi.         \n\n            ( \"Temel'den \u00c7at\u0131ya\" )<\/h2>\t\t\t\t<\/div>\n\t\t\t\t<\/div>\n\t\t\t\t<\/div>\n\t\t\t\t\t<\/div>\n\t\t\t\t<\/div>\n\t\t\t\t<\/div>\n\t\t","protected":false},"excerpt":{"rendered":"<p>Bunlar, ger\u00e7ekle\u015ftirdi\u011fimiz \u00f6rnek \u00e7al\u0131\u015fmalard\u0131r. Malatya&#8217; n\u0131n Ak\u00e7ada\u011f il\u00e7esinde ger\u00e7ekle\u015ftirdi\u011fimiz marketin i\u00e7 tasar\u0131m\u0131, m\u00fc\u015fteri iste\u011fi do\u011frultusunda yap\u0131lm\u0131\u015ft\u0131r. Duvarlar, sandvi\u00e7 panel ile yal\u0131t\u0131lm\u0131\u015f ve 18 mm beyaz cilal\u0131 MDF ile kaplanm\u0131\u015ft\u0131r. Tavan k\u0131sm\u0131 ise \u0130zocam yal\u0131t\u0131m ve lambriden olu\u015fmaktad\u0131r. \u0130stedi\u011finiz tarz ve boyutta konteyner \u00fcretimi yap\u0131lmaktad\u0131r. \u0130ki odal\u0131, tuvaletli ve banyolu se\u00e7enekler mevcuttur. Fiyat fark\u0131 ile birlikte, [&hellip;]<\/p>\n","protected":false},"author":1,"featured_media":0,"parent":0,"menu_order":0,"comment_status":"closed","ping_status":"closed","template":"","meta":{"footnotes":""},"class_list":["post-20","page","type-page","status-publish","hentry"],"yoast_head":"<!-- This site is optimized with the Yoast SEO plugin v27.4 - https:\/\/yoast.com\/product\/yoast-seo-wordpress\/ -->\n<title>Referanslar - Akt Grup<\/title>\n<meta name=\"description\" content=\"Malatya&#039;da prefabrik evler ve konteynerler titizlikle \u00fcretilmektedir. Boyutlar, m\u00fc\u015fteri taleplerine g\u00f6re belirlenir ve istenilen tarzda tasarlanabilir.\" \/>\n<meta name=\"robots\" content=\"index, follow, max-snippet:-1, max-image-preview:large, max-video-preview:-1\" \/>\n<link rel=\"canonical\" href=\"https:\/\/aktgroup.com.tr\/index.php\/referanslar\/\" \/>\n<meta property=\"og:locale\" content=\"tr_TR\" \/>\n<meta property=\"og:type\" content=\"article\" \/>\n<meta property=\"og:title\" content=\"Referanslar - Akt Grup\" \/>\n<meta property=\"og:description\" content=\"Malatya&#039;da prefabrik evler ve konteynerler titizlikle \u00fcretilmektedir. Boyutlar, m\u00fc\u015fteri taleplerine g\u00f6re belirlenir ve istenilen tarzda tasarlanabilir.\" \/>\n<meta property=\"og:url\" content=\"https:\/\/aktgroup.com.tr\/index.php\/referanslar\/\" \/>\n<meta property=\"og:site_name\" content=\"Akt Grup\" \/>\n<meta property=\"article:modified_time\" content=\"2026-04-15T20:18:31+00:00\" \/>\n<meta name=\"twitter:card\" content=\"summary_large_image\" \/>\n<meta name=\"twitter:label1\" content=\"Tahmini okuma s\u00fcresi\" \/>\n\t<meta name=\"twitter:data1\" content=\"1 dakika\" \/>\n<script type=\"application\/ld+json\" class=\"yoast-schema-graph\">{\"@context\":\"https:\\\/\\\/schema.org\",\"@graph\":[{\"@type\":\"Article\",\"@id\":\"https:\\\/\\\/aktgroup.com.tr\\\/index.php\\\/referanslar\\\/#article\",\"isPartOf\":{\"@id\":\"https:\\\/\\\/aktgroup.com.tr\\\/index.php\\\/referanslar\\\/\"},\"author\":{\"name\":\"admin\",\"@id\":\"https:\\\/\\\/aktgroup.com.tr\\\/#\\\/schema\\\/person\\\/3ffdd332a4bf40be6359ba1f83cfe2d4\"},\"headline\":\"Referanslar\",\"datePublished\":\"2025-05-14T11:57:11+00:00\",\"dateModified\":\"2026-04-15T20:18:31+00:00\",\"mainEntityOfPage\":{\"@id\":\"https:\\\/\\\/aktgroup.com.tr\\\/index.php\\\/referanslar\\\/\"},\"wordCount\":152,\"publisher\":{\"@id\":\"https:\\\/\\\/aktgroup.com.tr\\\/#organization\"},\"inLanguage\":\"tr\"},{\"@type\":\"WebPage\",\"@id\":\"https:\\\/\\\/aktgroup.com.tr\\\/index.php\\\/referanslar\\\/\",\"url\":\"https:\\\/\\\/aktgroup.com.tr\\\/index.php\\\/referanslar\\\/\",\"name\":\"Referanslar - Akt Grup\",\"isPartOf\":{\"@id\":\"https:\\\/\\\/aktgroup.com.tr\\\/#website\"},\"datePublished\":\"2025-05-14T11:57:11+00:00\",\"dateModified\":\"2026-04-15T20:18:31+00:00\",\"description\":\"Malatya'da prefabrik evler ve konteynerler titizlikle \u00fcretilmektedir. Boyutlar, m\u00fc\u015fteri taleplerine g\u00f6re belirlenir ve istenilen tarzda tasarlanabilir.\",\"breadcrumb\":{\"@id\":\"https:\\\/\\\/aktgroup.com.tr\\\/index.php\\\/referanslar\\\/#breadcrumb\"},\"inLanguage\":\"tr\",\"potentialAction\":[{\"@type\":\"ReadAction\",\"target\":[\"https:\\\/\\\/aktgroup.com.tr\\\/index.php\\\/referanslar\\\/\"]}]},{\"@type\":\"BreadcrumbList\",\"@id\":\"https:\\\/\\\/aktgroup.com.tr\\\/index.php\\\/referanslar\\\/#breadcrumb\",\"itemListElement\":[{\"@type\":\"ListItem\",\"position\":1,\"name\":\"Anasayfa\",\"item\":\"https:\\\/\\\/aktgroup.com.tr\\\/\"},{\"@type\":\"ListItem\",\"position\":2,\"name\":\"Referanslar\"}]},{\"@type\":\"WebSite\",\"@id\":\"https:\\\/\\\/aktgroup.com.tr\\\/#website\",\"url\":\"https:\\\/\\\/aktgroup.com.tr\\\/\",\"name\":\"Akt Group\",\"description\":\"\",\"publisher\":{\"@id\":\"https:\\\/\\\/aktgroup.com.tr\\\/#organization\"},\"potentialAction\":[{\"@type\":\"SearchAction\",\"target\":{\"@type\":\"EntryPoint\",\"urlTemplate\":\"https:\\\/\\\/aktgroup.com.tr\\\/?s={search_term_string}\"},\"query-input\":{\"@type\":\"PropertyValueSpecification\",\"valueRequired\":true,\"valueName\":\"search_term_string\"}}],\"inLanguage\":\"tr\"},{\"@type\":\"Organization\",\"@id\":\"https:\\\/\\\/aktgroup.com.tr\\\/#organization\",\"name\":\"Akt Group\",\"url\":\"https:\\\/\\\/aktgroup.com.tr\\\/\",\"logo\":{\"@type\":\"ImageObject\",\"inLanguage\":\"tr\",\"@id\":\"https:\\\/\\\/aktgroup.com.tr\\\/#\\\/schema\\\/logo\\\/image\\\/\",\"url\":\"https:\\\/\\\/aktgroup.com.tr\\\/wp-content\\\/uploads\\\/2025\\\/12\\\/WhatsApp-Image-2025-12-30-at-12.39.17-Photoroom.png\",\"contentUrl\":\"https:\\\/\\\/aktgroup.com.tr\\\/wp-content\\\/uploads\\\/2025\\\/12\\\/WhatsApp-Image-2025-12-30-at-12.39.17-Photoroom.png\",\"width\":1280,\"height\":783,\"caption\":\"Akt Group\"},\"image\":{\"@id\":\"https:\\\/\\\/aktgroup.com.tr\\\/#\\\/schema\\\/logo\\\/image\\\/\"}},{\"@type\":\"Person\",\"@id\":\"https:\\\/\\\/aktgroup.com.tr\\\/#\\\/schema\\\/person\\\/3ffdd332a4bf40be6359ba1f83cfe2d4\",\"name\":\"admin\",\"image\":{\"@type\":\"ImageObject\",\"inLanguage\":\"tr\",\"@id\":\"https:\\\/\\\/secure.gravatar.com\\\/avatar\\\/5bb4bcb16f551454d54bbb548211e2342ce280a9473a108b6f5ec47765aa4ee5?s=96&d=mm&r=g\",\"url\":\"https:\\\/\\\/secure.gravatar.com\\\/avatar\\\/5bb4bcb16f551454d54bbb548211e2342ce280a9473a108b6f5ec47765aa4ee5?s=96&d=mm&r=g\",\"contentUrl\":\"https:\\\/\\\/secure.gravatar.com\\\/avatar\\\/5bb4bcb16f551454d54bbb548211e2342ce280a9473a108b6f5ec47765aa4ee5?s=96&d=mm&r=g\",\"caption\":\"admin\"},\"sameAs\":[\"http:\\\/\\\/aktgroup.com.tr\"],\"url\":\"https:\\\/\\\/aktgroup.com.tr\\\/index.php\\\/author\\\/admin\\\/\"}]}<\/script>\n<!-- \/ Yoast SEO plugin. -->","yoast_head_json":{"title":"Referanslar - Akt Grup","description":"Malatya'da prefabrik evler ve konteynerler titizlikle \u00fcretilmektedir. Boyutlar, m\u00fc\u015fteri taleplerine g\u00f6re belirlenir ve istenilen tarzda tasarlanabilir.","robots":{"index":"index","follow":"follow","max-snippet":"max-snippet:-1","max-image-preview":"max-image-preview:large","max-video-preview":"max-video-preview:-1"},"canonical":"https:\/\/aktgroup.com.tr\/index.php\/referanslar\/","og_locale":"tr_TR","og_type":"article","og_title":"Referanslar - Akt Grup","og_description":"Malatya'da prefabrik evler ve konteynerler titizlikle \u00fcretilmektedir. Boyutlar, m\u00fc\u015fteri taleplerine g\u00f6re belirlenir ve istenilen tarzda tasarlanabilir.","og_url":"https:\/\/aktgroup.com.tr\/index.php\/referanslar\/","og_site_name":"Akt Grup","article_modified_time":"2026-04-15T20:18:31+00:00","twitter_card":"summary_large_image","twitter_misc":{"Tahmini okuma s\u00fcresi":"1 dakika"},"schema":{"@context":"https:\/\/schema.org","@graph":[{"@type":"Article","@id":"https:\/\/aktgroup.com.tr\/index.php\/referanslar\/#article","isPartOf":{"@id":"https:\/\/aktgroup.com.tr\/index.php\/referanslar\/"},"author":{"name":"admin","@id":"https:\/\/aktgroup.com.tr\/#\/schema\/person\/3ffdd332a4bf40be6359ba1f83cfe2d4"},"headline":"Referanslar","datePublished":"2025-05-14T11:57:11+00:00","dateModified":"2026-04-15T20:18:31+00:00","mainEntityOfPage":{"@id":"https:\/\/aktgroup.com.tr\/index.php\/referanslar\/"},"wordCount":152,"publisher":{"@id":"https:\/\/aktgroup.com.tr\/#organization"},"inLanguage":"tr"},{"@type":"WebPage","@id":"https:\/\/aktgroup.com.tr\/index.php\/referanslar\/","url":"https:\/\/aktgroup.com.tr\/index.php\/referanslar\/","name":"Referanslar - Akt Grup","isPartOf":{"@id":"https:\/\/aktgroup.com.tr\/#website"},"datePublished":"2025-05-14T11:57:11+00:00","dateModified":"2026-04-15T20:18:31+00:00","description":"Malatya'da prefabrik evler ve konteynerler titizlikle \u00fcretilmektedir. Boyutlar, m\u00fc\u015fteri taleplerine g\u00f6re belirlenir ve istenilen tarzda tasarlanabilir.","breadcrumb":{"@id":"https:\/\/aktgroup.com.tr\/index.php\/referanslar\/#breadcrumb"},"inLanguage":"tr","potentialAction":[{"@type":"ReadAction","target":["https:\/\/aktgroup.com.tr\/index.php\/referanslar\/"]}]},{"@type":"BreadcrumbList","@id":"https:\/\/aktgroup.com.tr\/index.php\/referanslar\/#breadcrumb","itemListElement":[{"@type":"ListItem","position":1,"name":"Anasayfa","item":"https:\/\/aktgroup.com.tr\/"},{"@type":"ListItem","position":2,"name":"Referanslar"}]},{"@type":"WebSite","@id":"https:\/\/aktgroup.com.tr\/#website","url":"https:\/\/aktgroup.com.tr\/","name":"Akt Group","description":"","publisher":{"@id":"https:\/\/aktgroup.com.tr\/#organization"},"potentialAction":[{"@type":"SearchAction","target":{"@type":"EntryPoint","urlTemplate":"https:\/\/aktgroup.com.tr\/?s={search_term_string}"},"query-input":{"@type":"PropertyValueSpecification","valueRequired":true,"valueName":"search_term_string"}}],"inLanguage":"tr"},{"@type":"Organization","@id":"https:\/\/aktgroup.com.tr\/#organization","name":"Akt Group","url":"https:\/\/aktgroup.com.tr\/","logo":{"@type":"ImageObject","inLanguage":"tr","@id":"https:\/\/aktgroup.com.tr\/#\/schema\/logo\/image\/","url":"https:\/\/aktgroup.com.tr\/wp-content\/uploads\/2025\/12\/WhatsApp-Image-2025-12-30-at-12.39.17-Photoroom.png","contentUrl":"https:\/\/aktgroup.com.tr\/wp-content\/uploads\/2025\/12\/WhatsApp-Image-2025-12-30-at-12.39.17-Photoroom.png","width":1280,"height":783,"caption":"Akt Group"},"image":{"@id":"https:\/\/aktgroup.com.tr\/#\/schema\/logo\/image\/"}},{"@type":"Person","@id":"https:\/\/aktgroup.com.tr\/#\/schema\/person\/3ffdd332a4bf40be6359ba1f83cfe2d4","name":"admin","image":{"@type":"ImageObject","inLanguage":"tr","@id":"https:\/\/secure.gravatar.com\/avatar\/5bb4bcb16f551454d54bbb548211e2342ce280a9473a108b6f5ec47765aa4ee5?s=96&d=mm&r=g","url":"https:\/\/secure.gravatar.com\/avatar\/5bb4bcb16f551454d54bbb548211e2342ce280a9473a108b6f5ec47765aa4ee5?s=96&d=mm&r=g","contentUrl":"https:\/\/secure.gravatar.com\/avatar\/5bb4bcb16f551454d54bbb548211e2342ce280a9473a108b6f5ec47765aa4ee5?s=96&d=mm&r=g","caption":"admin"},"sameAs":["http:\/\/aktgroup.com.tr"],"url":"https:\/\/aktgroup.com.tr\/index.php\/author\/admin\/"}]}},"_links":{"self":[{"href":"https:\/\/aktgroup.com.tr\/index.php\/wp-json\/wp\/v2\/pages\/20","targetHints":{"allow":["GET"]}}],"collection":[{"href":"https:\/\/aktgroup.com.tr\/index.php\/wp-json\/wp\/v2\/pages"}],"about":[{"href":"https:\/\/aktgroup.com.tr\/index.php\/wp-json\/wp\/v2\/types\/page"}],"author":[{"embeddable":true,"href":"https:\/\/aktgroup.com.tr\/index.php\/wp-json\/wp\/v2\/users\/1"}],"replies":[{"embeddable":true,"href":"https:\/\/aktgroup.com.tr\/index.php\/wp-json\/wp\/v2\/comments?post=20"}],"version-history":[{"count":82,"href":"https:\/\/aktgroup.com.tr\/index.php\/wp-json\/wp\/v2\/pages\/20\/revisions"}],"predecessor-version":[{"id":661,"href":"https:\/\/aktgroup.com.tr\/index.php\/wp-json\/wp\/v2\/pages\/20\/revisions\/661"}],"wp:attachment":[{"href":"https:\/\/aktgroup.com.tr\/index.php\/wp-json\/wp\/v2\/media?parent=20"}],"curies":[{"name":"wp","href":"https:\/\/api.w.org\/{rel}","templated":true}]}}